{"id":421,"date":"2017-08-28T11:06:10","date_gmt":"2017-08-28T09:06:10","guid":{"rendered":"http:\/\/www.bridal-times.com\/de\/?page_id=421"},"modified":"2018-02-01T15:00:05","modified_gmt":"2018-02-01T14:00:05","slug":"newsletter-anmeldung","status":"publish","type":"page","link":"https:\/\/www.bridal-times.com\/de\/newsletter-anmeldung\/","title":{"rendered":"Newsletter-Anmeldung"},"content":{"rendered":"<p>Deutschlands erstes News-Portal f\u00fcr die Brautmodenindustrie, Brautmoden-Hersteller und Brautmoden-Einzelh\u00e4ndler. Sichern Sie sich Ihren Platz in der ersten Reihe und registrieren Sie sich jetzt kostenfrei f\u00fcr unseren Newsletter.<\/p>\n\r\n<form class=\"form-default layout_form cr_form cr_font\" action=\"https:\/\/seu2.cleverreach.com\/f\/158385-155922\/wcs\/\" method=\"post\" target=\"_blank\">\r\n\t<div class=\"cr_body cr_page cr_font formbox\">\r\n\t\t<div class=\"non_sortable\" style=\"text-align:left;\">\r\n\t\t\t\r\n\t\t<\/div>\r\n\t\t\r\n\t\t<div class=\"editable_content\" style=\"text-align:left;\">\r\n\t\t<div id=\"3253553\" rel=\"text\" class=\"cr_ipe_item ui-sortable musthave\" style=\" margin-bottom:0px;\">\r\n<label for=\"text3253553\" class=\"itemname\">Vorname \/ First name*<\/label> <input id=\"text3253553\" name=\"1021274\" type=\"text\" value=\"\" style=\"width:100%;\" \/>\r\n<\/div><div id=\"3253554\" rel=\"text\" class=\"cr_ipe_item ui-sortable musthave\" style=\" margin-bottom:0px;\">\r\n<label for=\"text3253554\" class=\"itemname\">Nachname \/ Last name*<\/label> <input id=\"text3253554\" name=\"1021275\" type=\"text\" value=\"\" style=\"width:100%;\" \/>\r\n<\/div><div id=\"3252990\" rel=\"email\" class=\"cr_ipe_item ui-sortable musthave\" style=\"margin-bottom:15px;\">\r\n<label for=\"text3252990\" class=\"itemname\">E-Mail \/ Email*<\/label> <input id=\"text3252990\" name=\"email\" value=\"\" type=\"text\" style=\"width:100%;\" \/>\r\n<\/div><div id=\"3252995\" rel=\"select\" class=\"cr_ipe_item ui-sortable musthave\" style=\" margin-bottom:0px;\">\r\n<label for=\"select_3252995\" class=\"itemname\">Deutscher Newsletter*<\/label> <select id=\"select_3252995\" class=\"cr_font\" name=\"1021284\" style=\"width:100%;\" >\r\n\r\n<option value=\"-- keine Auswahl --\" >-- keine Auswahl --<\/option>\r\n\r\n<option value=\"Hersteller\" >Hersteller<\/option>\r\n\r\n<option value=\"Einzelh\u00e4ndler\" >Einzelh\u00e4ndler<\/option>\r\n\r\n<option value=\"Braut\" >Braut<\/option>\r\n\r\n<option value=\"Sonstiges\" >Sonstiges<\/option>\r\n<\/select>\r\n<\/div><div id=\"3255654\" rel=\"select\" class=\"cr_ipe_item ui-sortable musthave\" style=\" margin-bottom:0px;\">\r\n<label for=\"select_3255654\" class=\"itemname\">English Newsletter*<\/label> <select id=\"select_3255654\" class=\"cr_font\" name=\"1021571\" style=\"width:100%;\" >\r\n\r\n<option value=\"-- no option --\" >-- no option --<\/option>\r\n\r\n<option value=\"Designer\" >Designer<\/option>\r\n\r\n<option value=\"Retailer\" >Retailer<\/option>\r\n\r\n<option value=\"Bride\" >Bride<\/option>\r\n\r\n<option value=\"Other\" >Other<\/option>\r\n<\/select>\r\n<\/div><div id=\"3674366\" rel=\"recaptcha\" class=\"cr_ipe_item ui-sortable musthave\">\r\n\t\r\n\t<script src=\"https:\/\/www.google.com\/recaptcha\/api.js\" async defer><\/script>\r\n\t<br\/>\r\n\t<div id=\"recaptcha_v2_widget\" class=\"g-recaptcha\" data-theme=\"light\" data-size=\"normal\" data-sitekey=\"6Lfhcd0SAAAAAOBEHmAVEHJeRnrH8T7wPvvNzEPD\" ><\/div>\r\n\t<br\/>\r\n\t\r\n<\/div><div id=\"3252992\" rel=\"button\" class=\"cr_ipe_item ui-sortable submit_container\" style=\"text-align:center; margin-bottom:15px;\">\r\n<button type=\"submit\" class=\"cr_button bridaltimes-button\">Anmelden \/ Subscribe<\/button>\r\n<\/div>\r\n\t<\/div>\r\n\t\r\n\t<noscript><a href=\"http:\/\/www.cleverreach.de\">www.CleverReach.de<\/a><\/noscript>\r\n<\/div>\r\n\r\n<\/form>\n","protected":false},"excerpt":{"rendered":"<p>Deutschlands erstes News-Portal f\u00fcr die Brautmodenindustrie, Brautmoden-Hersteller und Brautmoden-Einzelh\u00e4ndler. Sichern Sie sich Ihren Platz in der ersten Reihe und registrieren Sie sich jetzt kostenfrei f\u00fcr unseren Newsletter.<\/p>\n","protected":false},"author":1,"featured_media":0,"parent":0,"menu_order":0,"comment_status":"closed","ping_status":"closed","template":"","meta":{"footnotes":""},"class_list":["post-421","page","type-page","status-publish","hentry"],"_links":{"self":[{"href":"https:\/\/www.bridal-times.com\/de\/wp-json\/wp\/v2\/pages\/421","targetHints":{"allow":["GET"]}}],"collection":[{"href":"https:\/\/www.bridal-times.com\/de\/wp-json\/wp\/v2\/pages"}],"about":[{"href":"https:\/\/www.bridal-times.com\/de\/wp-json\/wp\/v2\/types\/page"}],"author":[{"embeddable":true,"href":"https:\/\/www.bridal-times.com\/de\/wp-json\/wp\/v2\/users\/1"}],"replies":[{"embeddable":true,"href":"https:\/\/www.bridal-times.com\/de\/wp-json\/wp\/v2\/comments?post=421"}],"version-history":[{"count":19,"href":"https:\/\/www.bridal-times.com\/de\/wp-json\/wp\/v2\/pages\/421\/revisions"}],"predecessor-version":[{"id":1410,"href":"https:\/\/www.bridal-times.com\/de\/wp-json\/wp\/v2\/pages\/421\/revisions\/1410"}],"wp:attachment":[{"href":"https:\/\/www.bridal-times.com\/de\/wp-json\/wp\/v2\/media?parent=421"}],"curies":[{"name":"wp","href":"https:\/\/api.w.org\/{rel}","templated":true}]}}