{"id":270,"date":"2017-08-23T14:48:55","date_gmt":"2017-08-23T12:48:55","guid":{"rendered":"http:\/\/www.bridal-times.com\/de\/?page_id=270"},"modified":"2025-11-09T09:41:17","modified_gmt":"2025-11-09T08:41:17","slug":"werbung","status":"publish","type":"page","link":"https:\/\/www.bridal-times.com\/de\/werbung\/","title":{"rendered":"Werbung"},"content":{"rendered":"<h3><strong>Bridal Times Media Kit\u00a0<\/strong><\/h3>\n<p>Bridal Times ist das erste B2B-Newsportal, das sich an Brautmodenhersteller, Designer und Einzelh\u00e4ndler der Branche im gesamten deutschsprachigen Raum richtet. Unsere Plattform wird t\u00e4glich aktualisiert und bietet aktuelle Neuigkeiten, fundierte Hintergrund-Storys sowie versierte Interviews. Berichte von internationalen Branchen-Events und Business-Informationen f\u00fcr Brautmodeneinzelh\u00e4ndler runden das Angebot ab.<\/p>\n<p>Bridal Times ist sowohl auf Deutsch als auch auf Englisch verf\u00fcgbar. Wir machen es damit auch internationalen Designern m\u00f6glich, Fachh\u00e4ndler in Deutschland, \u00d6sterreich und der Schweiz zu erreichen.<\/p>\n<h3><strong>Warum auf Bridal Times werben?<\/strong><\/h3>\n<p>Erreichen Sie Brautmodeneinzelh\u00e4ndler im deutschsprachigen Raum mit ihren Pressemitteilungen und Produktank\u00fcndigungen direkt \u2013 das ganze Jahr.<\/p>\n<p>M\u00f6chten Sie mit uns zusammenarbeiten? Bitte schreiben Sie uns eine E-Mail an <a href=\"m&#97;&#x69;&#x6c;&#x74;o&#58;&#x69;&#x6e;&#x66;o&#64;&#x62;&#x72;&#x69;d&#97;&#x6c;&#x2d;&#x74;i&#109;&#x65;&#x73;&#x2e;c&#111;&#x6d;\" target=\"_blank\" rel=\"noopener noreferrer\">inf&#111;&#64;&#98;&#114;&#x69;&#x64;&#x61;&#x6c;&#x2d;&#x74;&#x69;mes&#46;&#99;&#111;&#109;<\/a><\/p>\n<p><iframe loading=\"lazy\" width=\"560\" height=\"315\" src=\"https:\/\/www.youtube.com\/embed\/aigopQKDZGE?si=60MFjs6hYm34nPAy\" title=\"YouTube video player\" frameborder=\"0\" allow=\"accelerometer; autoplay; clipboard-write; encrypted-media; gyroscope; picture-in-picture; web-share\" referrerpolicy=\"strict-origin-when-cross-origin\" allowfullscreen><\/iframe><\/p>\n","protected":false},"excerpt":{"rendered":"<p>Bridal Times Media Kit\u00a0 Bridal Times ist das erste B2B-Newsportal, das sich an Brautmodenhersteller, Designer und Einzelh\u00e4ndler der Branche im gesamten deutschsprachigen Raum richtet. Unsere Plattform wird t\u00e4glich aktualisiert und bietet aktuelle Neuigkeiten, fundierte Hintergrund-Storys sowie versierte Interviews. Berichte von internationalen Branchen-Events und Business-Informationen f\u00fcr Brautmodeneinzelh\u00e4ndler runden das Angebot ab. Bridal Times ist sowohl auf Deutsch als auch auf Englisch verf\u00fcgbar. Wir machen es damit auch internationalen Designern m\u00f6glich, Fachh\u00e4ndler in Deutschland, \u00d6sterreich und der Schweiz zu erreichen. Warum auf Bridal Times werben? Erreichen Sie Brautmodeneinzelh\u00e4ndler im deutschsprachigen Raum mit ihren Pressemitteilungen und Produktank\u00fcndigungen direkt \u2013 das ganze Jahr. M\u00f6chten Sie mit uns zusammenarbeiten? Bitte schreiben Sie uns eine E-Mail an &#105;&#x6e;&#102;&#x6f;&#64;&#x62;r&#105;&#x64;&#97;&#x6c;-&#x74;i&#109;&#x65;&#115;&#x2e;c&#x6f;m<\/p>\n","protected":false},"author":1,"featured_media":0,"parent":0,"menu_order":0,"comment_status":"closed","ping_status":"closed","template":"","meta":{"footnotes":""},"class_list":["post-270","page","type-page","status-publish","hentry"],"_links":{"self":[{"href":"https:\/\/www.bridal-times.com\/de\/wp-json\/wp\/v2\/pages\/270","targetHints":{"allow":["GET"]}}],"collection":[{"href":"https:\/\/www.bridal-times.com\/de\/wp-json\/wp\/v2\/pages"}],"about":[{"href":"https:\/\/www.bridal-times.com\/de\/wp-json\/wp\/v2\/types\/page"}],"author":[{"embeddable":true,"href":"https:\/\/www.bridal-times.com\/de\/wp-json\/wp\/v2\/users\/1"}],"replies":[{"embeddable":true,"href":"https:\/\/www.bridal-times.com\/de\/wp-json\/wp\/v2\/comments?post=270"}],"version-history":[{"count":32,"href":"https:\/\/www.bridal-times.com\/de\/wp-json\/wp\/v2\/pages\/270\/revisions"}],"predecessor-version":[{"id":15950,"href":"https:\/\/www.bridal-times.com\/de\/wp-json\/wp\/v2\/pages\/270\/revisions\/15950"}],"wp:attachment":[{"href":"https:\/\/www.bridal-times.com\/de\/wp-json\/wp\/v2\/media?parent=270"}],"curies":[{"name":"wp","href":"https:\/\/api.w.org\/{rel}","templated":true}]}}