{"id":260,"date":"2017-08-23T14:42:27","date_gmt":"2017-08-23T12:42:27","guid":{"rendered":"http:\/\/www.bridal-times.com\/de\/?page_id=260"},"modified":"2023-01-09T08:43:20","modified_gmt":"2023-01-09T07:43:20","slug":"impressum","status":"publish","type":"page","link":"https:\/\/www.bridal-times.com\/de\/impressum\/","title":{"rendered":"Impressum"},"content":{"rendered":"<p>Weisenbach Media<br \/>\nAugsburger Str. 7<br \/>\n87629 F\u00fcssen<br \/>\nTel: +49 (0) 8362 8839 786<\/p>\n<p><strong>E-Mail:<\/strong> <a href=\"&#109;&#x61;&#105;&#x6c;&#116;&#x6f;&#58;&#x69;n&#x66;o&#x40;b&#x72;i&#100;&#x61;&#108;&#x2d;&#116;&#x69;&#109;&#x65;&#115;&#x2e;c&#x6f;m\">&#105;n&#x66;o&#x40;&#98;&#x72;&#105;&#x64;&#97;l&#x2d;t&#x69;&#109;&#x65;&#115;&#x2e;&#99;&#x6f;&#109;<br \/>\n<\/a><strong>Web:<\/strong> <a href=\"https:\/\/www.bridal-times.com\/de\">bridal-times.com<\/a><\/p>\n<p><strong>Inhaberin:<br \/>\n<\/strong>Adriana Weisenbach<\/p>\n<p><strong>Inhaltlich Verantwortliche gem\u00e4\u00df \u00a755 Abs. 2 RStV:<\/strong><br \/>\nAdriana Weisenbach<br \/>\nWeisenbach Media<br \/>\nSchrannengasse 7<br \/>\n87629 F\u00fcssen<\/p>\n<p><strong>Steuernummer:<\/strong> 125\/286\/40662<\/p>\n<p><strong>Umsatzsteuer-Identifikationsnummer gem\u00e4\u00df \u00a727a Umsatzsteuergesetz: <\/strong>DE815712017<\/p>\n<p><strong>Bildnachweise<\/strong><br \/>\n\u00a9 Pixabay | <a href=\"https:\/\/creativecommons.org\/publicdomain\/zero\/1.0\/deed.de\" target=\"_blank\" rel=\"noopener\">CC0 1.0<br \/>\n<\/a>\u00a9 Shutterstock<\/p>\n<p><strong>Haftungshinweis<\/strong><br \/>\nDie Inhalte unserer Seiten wurden mit gr\u00f6\u00dfter Sorgfalt erstellt. F\u00fcr die Richtigkeit, Vollst\u00e4ndigkeit und Aktualit\u00e4t der Inhalte k\u00f6nnen wir jedoch keine Gew\u00e4hr \u00fcbernehmen. Als Diensteanbieter sind wir gem\u00e4\u00df \u00a7 7 Abs.1 TMG f\u00fcr eigene Inhalte auf diesen Seiten nach den allgemeinen Gesetzen verantwortlich. Nach \u00a7\u00a7 8 bis 10 TMG sind wir als Diensteanbieter jedoch nicht verpflichtet, \u00fcbermittelte oder gespeicherte fremde Informationen zu \u00fcberwachen oder nach Umst\u00e4nden zu forschen, die auf eine rechtswidrige T\u00e4tigkeit hinweisen. Verpflichtungen zur Entfernung oder Sperrung der Nutzung von Informationen nach den allgemeinen Gesetzen bleiben hiervon unber\u00fchrt. Eine diesbez\u00fcgliche Haftung ist jedoch erst ab dem Zeitpunkt der Kenntnis einer konkreten Rechtsverletzung m\u00f6glich. Bei Bekanntwerden von entsprechenden Rechtsverletzungen werden wir diese Inhalte umgehend entfernen.<br \/>\nUnser Angebot enth\u00e4lt Links zu externen Webseiten Dritter, auf deren Inhalte wir keinen Einfluss haben. Deshalb k\u00f6nnen wir f\u00fcr diese fremden Inhalte auch keine Gew\u00e4hr \u00fcbernehmen. F\u00fcr die Inhalte der verlinkten Seiten ist stets der jeweilige Anbieter oder Betreiber der Seiten verantwortlich. Die verlinkten Seiten wurden zum Zeitpunkt der Verlinkung auf m\u00f6gliche Rechtsverst\u00f6\u00dfe \u00fcberpr\u00fcft. Rechtswidrige Inhalte waren zum Zeitpunkt der Verlinkung nicht erkennbar. Eine permanente inhaltliche Kontrolle der verlinkten Seiten ist jedoch ohne konkrete Anhaltspunkte einer Rechtsverletzung nicht zumutbar. Bei Bekanntwerden von Rechtsverletzungen werden wir derartige Links umgehend entfernen.<\/p>\n<p><strong>Urheberrecht<\/strong><br \/>\nDie durch die Seitenbetreiber erstellten bzw. verwendeten Inhalte und Werke auf diesen Seiten unterliegen dem deutschen Urheberrecht. Die Vervielf\u00e4ltigung, Bearbeitung, Verbreitung und jede Art der Verwertung au\u00dferhalb der Grenzen des Urheberrechtes bed\u00fcrfen der Zustimmung des jeweiligen Autors bzw. Erstellers. Downloads und Kopien dieser Seite sind nur f\u00fcr den privaten, nicht kommerziellen Gebrauch gestattet. Soweit die Inhalte auf dieser Seite nicht vom Betreiber erstellt wurden, werden die Urheberrechte Dritter beachtet. Insbesondere werden Inhalte Dritter als solche gekennzeichnet. Sollten Sie trotzdem auf eine Urheberrechtsverletzung aufmerksam werden, bitten wir um einen entsprechenden Hinweis. Bei Bekanntwerden von Rechtsverletzungen werden wir derartige Inhalte umgehend entfernen.<\/p>\n<p><strong>\u00a9 Copyright<br \/>\n<\/strong>Alle Rechte vorbehalten. Text, Bilder, Grafiken, Sound, Animationen und Videos sowie deren Anordnung unterliegen dem Schutz des Urheberrechts und anderer Schutzgesetze. Der Inhalt dieser Webseites darf nicht zu kommerziellen Zwecken kopiert, verbreitet, ver\u00e4ndert oder Dritten zug\u00e4nglich gemacht werden.<\/p>\n<p><strong>Datenschutzerkl\u00e4rung<\/strong><br \/>\nDie Betreiber dieser Seiten nehmen den Schutz Ihrer pers\u00f6nlichen Daten sehr ernst. Wir behandeln Ihre personenbezogenen Daten vertraulich und entsprechend der gesetzlichen Datenschutzvorschriften sowie dieser <a href=\"https:\/\/www.bridal-times.com\/de\/datenschutz\/\">Datenschutzerkl\u00e4rung<\/a>.<br \/>\nSollten zuk\u00fcnftig \u00c4nderungen unserer Datenschutzerkl\u00e4rung vorgenommen werden, so werden die \u00c4nderungen stets auf diesen Seiten zu finden sein.<br \/>\nDie Nutzung unserer Webseite ist in der Regel ohne Angabe personenbezogener Daten m\u00f6glich. Soweit auf unseren Seiten personenbezogene Daten (beispielsweise Name, Anschrift oder E-Mail-Adressen) erhoben werden, erfolgt dies, soweit m\u00f6glich, stets auf freiwilliger Basis. Diese Daten werden ohne Ihre ausdr\u00fcckliche Zustimmung nicht an Dritte weitergegeben.<\/p>\n<p>Wir weisen darauf hin, dass die Daten\u00fcbertragung im Internet (z.B. bei der Kommunikation per E-Mail) Sicherheitsl\u00fccken aufweisen kann. Ein l\u00fcckenloser Schutz der Daten vor dem Zugriff durch Dritte ist nicht m\u00f6glich.<\/p>\n<p><strong>Kontaktformular<br \/>\n<\/strong>Wenn Sie uns per Kontaktformular Anfragen zukommen lassen, werden Ihre Angaben aus dem Anfrageformular inklusive der von Ihnen dort angegebenen Kontaktdaten zwecks Bearbeitung der Anfrage und f\u00fcr den Fall von Anschlussfragen bei uns gespeichert. Diese Daten geben wir nicht ohne Ihre Einwilligung weiter.<\/p>\n<p><strong>Hinweis zur Streitbeilegung<\/strong><br \/>\nDie Europ\u00e4ische Kommission stellt unter &#8222;<a href=\"http:\/\/ec.europa.eu\/consumers\/odr\/\" target=\"_blank\" rel=\"noopener\">http:\/\/ec.europa.eu\/consumers\/odr\/<\/a>&#8220; eine Plattform zur au\u00dfergerichtlichen Online-Streitbeilegung (sog. OS-Plattform) bereit.<\/p>\n<p><strong>Information nach dem Verbraucherstreitbeilegungsgesetz (VSBG)<\/strong><br \/>\nDie Weisenbach Media ist zu der Teilnahme an einem Streitbeilegungsverfahren vor einer Verbraucherschlichtungsstelle weder bereit noch verpflichtet.<\/p>\n<p><strong>Design, Konzept &amp; Umsetzung<br \/>\n<\/strong>OYA media GmbH \/ <a href=\"https:\/\/www.oya-media.de\" target=\"_blank\" rel=\"noopener\">www.oya-media.de<br \/>\n<\/a>Heisinger Stra\u00dfe 14, 87437 Kempten (Allg\u00e4u)<\/p>\n","protected":false},"excerpt":{"rendered":"<p>Weisenbach Media Augsburger Str. 7 87629 F\u00fcssen Tel: +49 (0) 8362 8839 786 E-Mail: &#x69;&#110;&#x66;&#x6f;&#64;&#x62;&#x72;&#105;&#x64;&#x61;&#108;&#x2d;&#x74;i&#x6d;&#x65;s&#x2e;&#99;o&#x6d; Web: bridal-times.com Inhaberin: Adriana Weisenbach Inhaltlich Verantwortliche gem\u00e4\u00df \u00a755 Abs. 2 RStV: Adriana Weisenbach Weisenbach Media Schrannengasse 7 87629 F\u00fcssen Steuernummer: 125\/286\/40662 Umsatzsteuer-Identifikationsnummer gem\u00e4\u00df \u00a727a Umsatzsteuergesetz: DE815712017 Bildnachweise \u00a9 Pixabay | CC0 1.0 \u00a9 Shutterstock Haftungshinweis Die Inhalte unserer Seiten wurden mit gr\u00f6\u00dfter Sorgfalt erstellt. F\u00fcr die Richtigkeit, Vollst\u00e4ndigkeit und Aktualit\u00e4t der Inhalte k\u00f6nnen wir jedoch keine Gew\u00e4hr \u00fcbernehmen. Als Diensteanbieter sind wir gem\u00e4\u00df \u00a7 7 Abs.1 TMG f\u00fcr eigene Inhalte auf diesen Seiten nach den allgemeinen Gesetzen verantwortlich. Nach \u00a7\u00a7 8 bis 10 TMG sind wir als Diensteanbieter jedoch nicht verpflichtet, \u00fcbermittelte oder gespeicherte fremde Informationen zu \u00fcberwachen oder nach Umst\u00e4nden zu forschen, die auf eine rechtswidrige T\u00e4tigkeit hinweisen. Verpflichtungen zur Entfernung oder Sperrung der Nutzung von Informationen nach den allgemeinen Gesetzen bleiben hiervon unber\u00fchrt. Eine diesbez\u00fcgliche Haftung ist jedoch erst ab dem Zeitpunkt der Kenntnis einer konkreten Rechtsverletzung m\u00f6glich. Bei Bekanntwerden von entsprechenden Rechtsverletzungen werden wir diese Inhalte umgehend entfernen. Unser Angebot enth\u00e4lt Links zu externen Webseiten Dritter, auf deren Inhalte wir keinen Einfluss haben. Deshalb k\u00f6nnen wir f\u00fcr diese fremden Inhalte auch keine Gew\u00e4hr \u00fcbernehmen. F\u00fcr die Inhalte der verlinkten Seiten ist [&hellip;]<\/p>\n","protected":false},"author":1,"featured_media":0,"parent":0,"menu_order":0,"comment_status":"closed","ping_status":"closed","template":"","meta":{"footnotes":""},"class_list":["post-260","page","type-page","status-publish","hentry"],"_links":{"self":[{"href":"https:\/\/www.bridal-times.com\/de\/wp-json\/wp\/v2\/pages\/260","targetHints":{"allow":["GET"]}}],"collection":[{"href":"https:\/\/www.bridal-times.com\/de\/wp-json\/wp\/v2\/pages"}],"about":[{"href":"https:\/\/www.bridal-times.com\/de\/wp-json\/wp\/v2\/types\/page"}],"author":[{"embeddable":true,"href":"https:\/\/www.bridal-times.com\/de\/wp-json\/wp\/v2\/users\/1"}],"replies":[{"embeddable":true,"href":"https:\/\/www.bridal-times.com\/de\/wp-json\/wp\/v2\/comments?post=260"}],"version-history":[{"count":14,"href":"https:\/\/www.bridal-times.com\/de\/wp-json\/wp\/v2\/pages\/260\/revisions"}],"predecessor-version":[{"id":11470,"href":"https:\/\/www.bridal-times.com\/de\/wp-json\/wp\/v2\/pages\/260\/revisions\/11470"}],"wp:attachment":[{"href":"https:\/\/www.bridal-times.com\/de\/wp-json\/wp\/v2\/media?parent=260"}],"curies":[{"name":"wp","href":"https:\/\/api.w.org\/{rel}","templated":true}]}}